{"id":6569,"date":"2025-07-04T17:12:07","date_gmt":"2025-07-04T15:12:07","guid":{"rendered":"https:\/\/www.hotelinteralpen.it\/dichiarazione-accessibilita\/"},"modified":"2025-07-18T11:59:39","modified_gmt":"2025-07-18T09:59:39","slug":"dichiarazione-accessibilita","status":"publish","type":"page","link":"https:\/\/www.hotelinteralpen.it\/de\/erklaerung-zur-zugaenglichkeit\/","title":{"rendered":"Dichiarazione Accessibilit\u00e0"},"content":{"rendered":"\t\t<div data-elementor-type=\"wp-page\" data-elementor-id=\"6569\" class=\"elementor elementor-6569 elementor-6560\" data-elementor-post-type=\"page\">\n\t\t\t\t<div class=\"elementor-element elementor-element-53c87ca e-flex e-con-boxed e-con e-parent\" data-id=\"53c87ca\" data-element_type=\"container\" data-e-type=\"container\">\n\t\t\t\t\t<div class=\"e-con-inner\">\n\t\t<div class=\"elementor-element elementor-element-ccc05c4 e-con-full e-flex e-con e-child\" data-id=\"ccc05c4\" data-element_type=\"container\" data-e-type=\"container\" data-settings=\"{&quot;background_background&quot;:&quot;classic&quot;}\">\n\t\t\t\t<div class=\"elementor-element elementor-element-b30ebe5 elementor-widget elementor-widget-heading\" data-id=\"b30ebe5\" data-element_type=\"widget\" data-e-type=\"widget\" data-widget_type=\"heading.default\">\n\t\t\t\t<div class=\"elementor-widget-container\">\n\t\t\t\t\t<h1 class=\"elementor-heading-title elementor-size-default\">Erkl\u00e4rung zur Zug\u00e4nglichkeit<\/h1>\t\t\t\t<\/div>\n\t\t\t\t<\/div>\n\t\t<div class=\"elementor-element elementor-element-f4e5a71 e-con-full e-flex e-con e-child\" data-id=\"f4e5a71\" data-element_type=\"container\" data-e-type=\"container\">\n\t\t<div class=\"elementor-element elementor-element-4f2e041 e-con-full e-flex e-con e-child\" data-id=\"4f2e041\" data-element_type=\"container\" data-e-type=\"container\">\n\t\t\t\t<div class=\"elementor-element elementor-element-92e6465 elementor-widget elementor-widget-heading\" data-id=\"92e6465\" data-element_type=\"widget\" data-e-type=\"widget\" data-widget_type=\"heading.default\">\n\t\t\t\t<div class=\"elementor-widget-container\">\n\t\t\t\t\t<p class=\"elementor-heading-title elementor-size-default\">Hotel Interalpen<\/p>\t\t\t\t<\/div>\n\t\t\t\t<\/div>\n\t\t\t\t<div class=\"elementor-element elementor-element-8cea42a elementor-widget elementor-widget-heading\" data-id=\"8cea42a\" data-element_type=\"widget\" data-e-type=\"widget\" data-widget_type=\"heading.default\">\n\t\t\t\t<div class=\"elementor-widget-container\">\n\t\t\t\t\t<p class=\"elementor-heading-title elementor-size-default\">Via S.S. 301 snc, Loc. Passo del Foscagno - 23038 Valdidentro (SO), Italia<\/p>\t\t\t\t<\/div>\n\t\t\t\t<\/div>\n\t\t\t\t<div class=\"elementor-element elementor-element-3be6604 elementor-widget elementor-widget-heading\" data-id=\"3be6604\" data-element_type=\"widget\" data-e-type=\"widget\" data-widget_type=\"heading.default\">\n\t\t\t\t<div class=\"elementor-widget-container\">\n\t\t\t\t\t<p class=\"elementor-heading-title elementor-size-default\"><a href=\"mailto:info@hotelinteralpen.it\">info@hotelinteralpen.it<\/a><\/p>\t\t\t\t<\/div>\n\t\t\t\t<\/div>\n\t\t\t\t<div class=\"elementor-element elementor-element-f658e88 elementor-widget elementor-widget-text-editor\" data-id=\"f658e88\" data-element_type=\"widget\" data-e-type=\"widget\" data-widget_type=\"text-editor.default\">\n\t\t\t\t<div class=\"elementor-widget-container\">\n\t\t\t\t\t\t\t\t\tFirmenname: Monte Verde Srl | Sitz der Gesellschaft: Via S.S. 301, 20 &#8211; Loc. Passo del Foscagno | 23038 Valdidentro (SO) | N. Handelsregister: 11344460156 Sondrio | Umsatzsteuer-Identifikationsnummer und Steuernummer: 11344460156 | REA: SO-68134 | PEC: monte_verde_srl@pec.it | CIR: 014071-ALB-00026 | CIN: IT014071A1TTTYJZNJ\t\t\t\t\t\t\t\t<\/div>\n\t\t\t\t<\/div>\n\t\t\t\t<\/div>\n\t\t\t\t<div class=\"elementor-element elementor-element-1d4543a elementor-widget elementor-widget-heading\" data-id=\"1d4543a\" data-element_type=\"widget\" data-e-type=\"widget\" data-widget_type=\"heading.default\">\n\t\t\t\t<div class=\"elementor-widget-container\">\n\t\t\t\t\t<p class=\"elementor-heading-title elementor-size-default\">Die Website wurde am <strong>16 Juni 2025<\/strong> ver\u00f6ffentlicht<\/p>\t\t\t\t<\/div>\n\t\t\t\t<\/div>\n\t\t\t\t<div class=\"elementor-element elementor-element-ecb6e00 elementor-widget elementor-widget-heading\" data-id=\"ecb6e00\" data-element_type=\"widget\" data-e-type=\"widget\" data-widget_type=\"heading.default\">\n\t\t\t\t<div class=\"elementor-widget-container\">\n\t\t\t\t\t<p class=\"elementor-heading-title elementor-size-default\">Die Website wurde am <strong>23 Juni 2025<\/strong> aktualisiert<\/p>\t\t\t\t<\/div>\n\t\t\t\t<\/div>\n\t\t\t\t<div class=\"elementor-element elementor-element-5cfdcf5 elementor-widget elementor-widget-spacer\" data-id=\"5cfdcf5\" data-element_type=\"widget\" data-e-type=\"widget\" data-widget_type=\"spacer.default\">\n\t\t\t\t<div class=\"elementor-widget-container\">\n\t\t\t\t\t\t\t<div class=\"elementor-spacer\">\n\t\t\t<div class=\"elementor-spacer-inner\"><\/div>\n\t\t<\/div>\n\t\t\t\t\t\t<\/div>\n\t\t\t\t<\/div>\n\t\t\t\t<div class=\"elementor-element elementor-element-463afde elementor-widget elementor-widget-heading\" data-id=\"463afde\" data-element_type=\"widget\" data-e-type=\"widget\" data-widget_type=\"heading.default\">\n\t\t\t\t<div class=\"elementor-widget-container\">\n\t\t\t\t\t<p class=\"elementor-heading-title elementor-size-default\">Konformit\u00e4t<\/p>\t\t\t\t<\/div>\n\t\t\t\t<\/div>\n\t\t\t\t<div class=\"elementor-element elementor-element-e51a4ff elementor-widget elementor-widget-text-editor\" data-id=\"e51a4ff\" data-element_type=\"widget\" data-e-type=\"widget\" data-widget_type=\"text-editor.default\">\n\t\t\t\t<div class=\"elementor-widget-container\">\n\t\t\t\t\t\t\t\t\t<p>Diese Website ist teilweise konform mit den Anforderungen von Anhang A der Norm UNI CEI EN 301 549 (WCAG 2.1 Stufe AA).<\/p>\n\t\t\t\t\t\t\t\t<\/div>\n\t\t\t\t<\/div>\n\t\t\t\t<div class=\"elementor-element elementor-element-9407fe6 elementor-widget elementor-widget-heading\" data-id=\"9407fe6\" data-element_type=\"widget\" data-e-type=\"widget\" data-widget_type=\"heading.default\">\n\t\t\t\t<div class=\"elementor-widget-container\">\n\t\t\t\t\t<p class=\"elementor-heading-title elementor-size-default\">Nicht barrierefreie Inhalte<\/p>\t\t\t\t<\/div>\n\t\t\t\t<\/div>\n\t\t\t\t<div class=\"elementor-element elementor-element-bb6c959 elementor-widget elementor-widget-text-editor\" data-id=\"bb6c959\" data-element_type=\"widget\" data-e-type=\"widget\" data-widget_type=\"text-editor.default\">\n\t\t\t\t<div class=\"elementor-widget-container\">\n\t\t\t\t\t\t\t\t\t<p>Der unten aufgef\u00fchrte Inhalt ist aus den folgenden Gr\u00fcnden nicht zug\u00e4nglich:<\/p>\n<ul>\n<li>Einige Elemente entsprechen nicht dem Farbkontrast<\/li>\n<li>Das Fehlen einiger semantischer Tags schr\u00e4nkt die Navigation \u00fcber Screenreader teilweise ein<\/li>\n<li>Video: fehlende Untertitel und Transkripte<\/li>\n<li>Fokus nicht immer sichtbar<\/li>\n<li>Breadcrumb nicht vorhanden<\/li>\n<li>Pdf-Dateien nicht vollst\u00e4ndig zug\u00e4nglich<\/li>\n<\/ul>\n<p>Trotz der Bem\u00fchungen von <strong><!-- Campo ACF \"company\" non trovato --><\/strong> kann es weitere nicht konforme Elemente geben, die nicht in dieser Erkl\u00e4rung aufgef\u00fchrt sind.<\/p>\n\t\t\t\t\t\t\t\t<\/div>\n\t\t\t\t<\/div>\n\t\t\t\t<div class=\"elementor-element elementor-element-14cceff elementor-widget elementor-widget-heading\" data-id=\"14cceff\" data-element_type=\"widget\" data-e-type=\"widget\" data-widget_type=\"heading.default\">\n\t\t\t\t<div class=\"elementor-widget-container\">\n\t\t\t\t\t<div class=\"elementor-heading-title elementor-size-default\">Erkl\u00e4rung verfasst von<\/div>\t\t\t\t<\/div>\n\t\t\t\t<\/div>\n\t\t\t\t<div class=\"elementor-element elementor-element-072c20e elementor-widget elementor-widget-text-editor\" data-id=\"072c20e\" data-element_type=\"widget\" data-e-type=\"widget\" data-widget_type=\"text-editor.default\">\n\t\t\t\t<div class=\"elementor-widget-container\">\n\t\t\t\t\t\t\t\t\t<p>Network Service Srl, basierend auf einer internen Bewertung vom 23 Juni 2025. Die Erkl\u00e4rung wurde auf Grundlage einer Bewertung gem\u00e4\u00df der Richtlinie (EU) 2016\/2102 erstellt, durch eine Selbsteinsch\u00e4tzung von Network Service Srl mit Unterst\u00fctzung automatisierter Tools.<\/p>\n\t\t\t\t\t\t\t\t<\/div>\n\t\t\t\t<\/div>\n\t\t\t\t<div class=\"elementor-element elementor-element-b016714 elementor-widget elementor-widget-heading\" data-id=\"b016714\" data-element_type=\"widget\" data-e-type=\"widget\" data-widget_type=\"heading.default\">\n\t\t\t\t<div class=\"elementor-widget-container\">\n\t\t\t\t\t<div class=\"elementor-heading-title elementor-size-default\">Meldung von Problemen<\/div>\t\t\t\t<\/div>\n\t\t\t\t<\/div>\n\t\t\t\t<div class=\"elementor-element elementor-element-0623cf6 elementor-widget elementor-widget-text-editor\" data-id=\"0623cf6\" data-element_type=\"widget\" data-e-type=\"widget\" data-widget_type=\"text-editor.default\">\n\t\t\t\t<div class=\"elementor-widget-container\">\n\t\t\t\t\t\t\t\t\t<p>Sie k\u00f6nnen Barrierefreiheitsprobleme melden an: E-Mail: <span style=\"text-decoration: underline;\"><a href=\"mailto:accessibilita@network-service.it\">accessibilita@network-service.it<\/a><\/span> Wir antworten innerhalb von 30 Werktagen.<\/p>\n\t\t\t\t\t\t\t\t<\/div>\n\t\t\t\t<\/div>\n\t\t\t\t<div class=\"elementor-element elementor-element-677c21a elementor-widget elementor-widget-heading\" data-id=\"677c21a\" data-element_type=\"widget\" data-e-type=\"widget\" data-widget_type=\"heading.default\">\n\t\t\t\t<div class=\"elementor-widget-container\">\n\t\t\t\t\t<div class=\"elementor-heading-title elementor-size-default\">Meldung an AgID<\/div>\t\t\t\t<\/div>\n\t\t\t\t<\/div>\n\t\t\t\t<div class=\"elementor-element elementor-element-649dc60 elementor-widget elementor-widget-text-editor\" data-id=\"649dc60\" data-element_type=\"widget\" data-e-type=\"widget\" data-widget_type=\"text-editor.default\">\n\t\t\t\t<div class=\"elementor-widget-container\">\n\t\t\t\t\t\t\t\t\t<p>Wenn die Antwort nicht zufriedenstellend ist, k\u00f6nnen Sie eine Meldung an AgID senden: protocollo@pec.agid.gov.it.<\/p>\n\t\t\t\t\t\t\t\t<\/div>\n\t\t\t\t<\/div>\n\t\t\t\t<\/div>\n\t\t\t\t<\/div>\n\t\t\t\t\t<\/div>\n\t\t\t\t<\/div>\n\t\t\t\t<\/div>\n\t\t","protected":false},"excerpt":{"rendered":"<p>Erkl\u00e4rung zur Zug\u00e4nglichkeit Die Website wurde am ver\u00f6ffentlicht Die Website wurde am aktualisiert Konformit\u00e4t Diese Website ist teilweise konform mit den Anforderungen von Anhang A der Norm UNI CEI EN 301 549 (WCAG 2.1 Stufe AA). Nicht barrierefreie Inhalte Der unten aufgef\u00fchrte Inhalt ist aus den folgenden Gr\u00fcnden nicht zug\u00e4nglich: Einige Elemente entsprechen nicht dem [&hellip;]<\/p>\n","protected":false},"author":2,"featured_media":0,"parent":0,"menu_order":0,"comment_status":"closed","ping_status":"closed","template":"elementor_canvas","meta":{"_acf_changed":false,"footnotes":""},"class_list":["post-6569","page","type-page","status-publish","hentry"],"acf":[],"_links":{"self":[{"href":"https:\/\/www.hotelinteralpen.it\/de\/wp-json\/wp\/v2\/pages\/6569","targetHints":{"allow":["GET"]}}],"collection":[{"href":"https:\/\/www.hotelinteralpen.it\/de\/wp-json\/wp\/v2\/pages"}],"about":[{"href":"https:\/\/www.hotelinteralpen.it\/de\/wp-json\/wp\/v2\/types\/page"}],"author":[{"embeddable":true,"href":"https:\/\/www.hotelinteralpen.it\/de\/wp-json\/wp\/v2\/users\/2"}],"replies":[{"embeddable":true,"href":"https:\/\/www.hotelinteralpen.it\/de\/wp-json\/wp\/v2\/comments?post=6569"}],"version-history":[{"count":0,"href":"https:\/\/www.hotelinteralpen.it\/de\/wp-json\/wp\/v2\/pages\/6569\/revisions"}],"wp:attachment":[{"href":"https:\/\/www.hotelinteralpen.it\/de\/wp-json\/wp\/v2\/media?parent=6569"}],"curies":[{"name":"wp","href":"https:\/\/api.w.org\/{rel}","templated":true}]}}