{"id":4381,"date":"2025-05-08T16:08:07","date_gmt":"2025-05-08T14:08:07","guid":{"rendered":"https:\/\/www.hotelinteralpen.it\/fitnessbereich\/"},"modified":"2025-07-02T09:45:55","modified_gmt":"2025-07-02T07:45:55","slug":"fitnessbereich","status":"publish","type":"page","link":"https:\/\/www.hotelinteralpen.it\/de\/fitnessbereich\/","title":{"rendered":"Fitnessbereich"},"content":{"rendered":"\t\t<div data-elementor-type=\"wp-page\" data-elementor-id=\"4381\" class=\"elementor elementor-4381 elementor-3778\" data-elementor-post-type=\"page\">\n\t\t\t\t<div class=\"elementor-element elementor-element-877d3b5 slidertop e-con-full e-flex e-con e-parent\" data-id=\"877d3b5\" data-element_type=\"container\" data-e-type=\"container\" data-settings=\"{&quot;shape_divider_top&quot;:&quot;pyramids&quot;,&quot;shape_divider_bottom&quot;:&quot;pyramids&quot;}\">\n\t\t\t\t<div class=\"elementor-shape elementor-shape-top\" aria-hidden=\"true\" data-negative=\"false\">\n\t\t\t<svg xmlns=\"http:\/\/www.w3.org\/2000\/svg\" viewBox=\"0 0 1000 100\" preserveAspectRatio=\"none\">\n\t<path class=\"elementor-shape-fill\" d=\"M761.9,44.1L643.1,27.2L333.8,98L0,3.8V0l1000,0v3.9\"\/>\n<\/svg>\t\t<\/div>\n\t\t\t\t<div class=\"elementor-shape elementor-shape-bottom\" aria-hidden=\"true\" data-negative=\"false\">\n\t\t\t<svg xmlns=\"http:\/\/www.w3.org\/2000\/svg\" viewBox=\"0 0 1000 100\" preserveAspectRatio=\"none\">\n\t<path class=\"elementor-shape-fill\" d=\"M761.9,44.1L643.1,27.2L333.8,98L0,3.8V0l1000,0v3.9\"\/>\n<\/svg>\t\t<\/div>\n\t\t<div class=\"elementor-element elementor-element-1cdc84a e-con-full elementor-hidden-desktop elementor-hidden-laptop elementor-hidden-tablet_extra elementor-hidden-tablet elementor-hidden-mobile e-flex e-con e-child\" data-id=\"1cdc84a\" data-element_type=\"container\" data-e-type=\"container\" data-settings=\"{&quot;position&quot;:&quot;absolute&quot;}\">\n\t\t<div class=\"elementor-element elementor-element-6a0027e e-con-full e-flex e-con e-child\" data-id=\"6a0027e\" data-element_type=\"container\" data-e-type=\"container\">\n\t\t\t\t<div class=\"elementor-element elementor-element-45d5fe6 elementor-invisible elementor-widget elementor-widget-image\" data-id=\"45d5fe6\" data-element_type=\"widget\" data-e-type=\"widget\" data-settings=\"{&quot;_animation&quot;:&quot;slideInUp&quot;}\" data-widget_type=\"image.default\">\n\t\t\t\t<div class=\"elementor-widget-container\">\n\t\t\t\t\t\t\t\t\t\t\t\t\t\t\t<img decoding=\"async\" src=\"https:\/\/www.hotelinteralpen.it\/wp-content\/uploads\/2023\/05\/logo-w-hotelinteralpen.svg\" title=\"logo-w-hotelinteralpen\" alt=\"logo-w-hotelinteralpen\" loading=\"lazy\" \/>\t\t\t\t\t\t\t\t\t\t\t\t\t\t\t<\/div>\n\t\t\t\t<\/div>\n\t\t\t\t<\/div>\n\t\t\t\t<div class=\"elementor-element elementor-element-e21c5d9 elementor-widget-divider--view-line elementor-widget elementor-widget-divider\" data-id=\"e21c5d9\" data-element_type=\"widget\" data-e-type=\"widget\" data-widget_type=\"divider.default\">\n\t\t\t\t<div class=\"elementor-widget-container\">\n\t\t\t\t\t\t\t<div class=\"elementor-divider\">\n\t\t\t<span class=\"elementor-divider-separator\">\n\t\t\t\t\t\t<\/span>\n\t\t<\/div>\n\t\t\t\t\t\t<\/div>\n\t\t\t\t<\/div>\n\t\t<div class=\"elementor-element elementor-element-8bad465 e-con-full e-flex e-con e-child\" data-id=\"8bad465\" data-element_type=\"container\" data-e-type=\"container\">\n\t\t\t\t<div class=\"elementor-element elementor-element-7a4dec2 elementor-invisible elementor-widget elementor-widget-template\" data-id=\"7a4dec2\" data-element_type=\"widget\" data-e-type=\"widget\" data-settings=\"{&quot;_animation&quot;:&quot;slideInDown&quot;}\" data-widget_type=\"template.default\">\n\t\t\t\t<div class=\"elementor-widget-container\">\n\t\t\t\t\t\t\t<div class=\"elementor-template\">\n\t\t\t\t\t<div data-elementor-type=\"container\" data-elementor-id=\"4110\" class=\"elementor elementor-4110 elementor-1147\" data-elementor-post-type=\"elementor_library\">\n\t\t\t\t<div class=\"elementor-element elementor-element-e86f94c e-con-full e-flex e-con e-parent\" data-id=\"e86f94c\" data-element_type=\"container\" data-e-type=\"container\">\n\t\t\t\t<div class=\"elementor-element elementor-element-7c5a84e elementor-widget elementor-widget-heading\" data-id=\"7c5a84e\" data-element_type=\"widget\" data-e-type=\"widget\" data-widget_type=\"heading.default\">\n\t\t\t\t<div class=\"elementor-widget-container\">\n\t\t\t\t\t<div class=\"elementor-heading-title elementor-size-default\">Das Beste von Bormio und Livigno, <\/div>\t\t\t\t<\/div>\n\t\t\t\t<\/div>\n\t\t\t\t<div class=\"elementor-element elementor-element-d6e6a97 elementor-widget elementor-widget-heading\" data-id=\"d6e6a97\" data-element_type=\"widget\" data-e-type=\"widget\" data-widget_type=\"heading.default\">\n\t\t\t\t<div class=\"elementor-widget-container\">\n\t\t\t\t\t<div class=\"elementor-heading-title elementor-size-default\">die Gemeinde Valdidentro, die am meisten wert ist!!<\/div>\t\t\t\t<\/div>\n\t\t\t\t<\/div>\n\t\t\t\t<\/div>\n\t\t\t\t<\/div>\n\t\t\t\t<\/div>\n\t\t\t\t\t\t<\/div>\n\t\t\t\t<\/div>\n\t\t\t\t<\/div>\n\t\t\t\t<\/div>\n\t\t\t\t<div class=\"elementor-element elementor-element-25f8c88 elementor-absolute elementor-hidden-mobile zoom-out elementor-widget elementor-widget-image\" data-id=\"25f8c88\" data-element_type=\"widget\" data-e-type=\"widget\" data-settings=\"{&quot;_position&quot;:&quot;absolute&quot;}\" data-widget_type=\"image.default\">\n\t\t\t\t<div class=\"elementor-widget-container\">\n\t\t\t\t\t\t\t\t\t\t\t\t\t\t\t<img decoding=\"async\" src=\"https:\/\/www.hotelinteralpen.it\/wp-content\/uploads\/elementor\/thumbs\/fitness01-hotelinteralpen-scaled-r5ie9vpz5fk7u0fuh71dg78xriwydv3v42xikwu5n6.webp\" title=\"Persona che si riposa in palestra con manubrio e borraccia sul pavimento.\" alt=\"Persona che si riposa in palestra con manubrio e borraccia sul pavimento.\" loading=\"lazy\" \/>\t\t\t\t\t\t\t\t\t\t\t\t\t\t\t<\/div>\n\t\t\t\t<\/div>\n\t\t\t\t<div class=\"elementor-element elementor-element-3d502c0 elementor-absolute elementor-hidden-desktop elementor-hidden-laptop elementor-hidden-tablet_extra elementor-hidden-tablet zoom-out elementor-widget elementor-widget-image\" data-id=\"3d502c0\" data-element_type=\"widget\" data-e-type=\"widget\" data-settings=\"{&quot;_position&quot;:&quot;absolute&quot;}\" data-widget_type=\"image.default\">\n\t\t\t\t<div class=\"elementor-widget-container\">\n\t\t\t\t\t\t\t\t\t\t\t\t\t\t\t<img decoding=\"async\" src=\"https:\/\/www.hotelinteralpen.it\/wp-content\/uploads\/elementor\/thumbs\/fitness01-hotelinteralpen-scaled-r5ie9vppela9kogtn0dvpxz63dojeqkkkxp5zp1cn4.webp\" title=\"Persona che si riposa in palestra con manubrio e borraccia sul pavimento.\" alt=\"Persona che si riposa in palestra con manubrio e borraccia sul pavimento.\" loading=\"lazy\" \/>\t\t\t\t\t\t\t\t\t\t\t\t\t\t\t<\/div>\n\t\t\t\t<\/div>\n\t\t\t\t<\/div>\n\t\t<div class=\"elementor-element elementor-element-1e2494f e-flex e-con-boxed e-con e-parent\" data-id=\"1e2494f\" data-element_type=\"container\" data-e-type=\"container\" data-settings=\"{&quot;background_background&quot;:&quot;classic&quot;}\">\n\t\t\t\t\t<div class=\"e-con-inner\">\n\t\t<div class=\"elementor-element elementor-element-ab2987c e-con-full fade-left-on-scroll e-flex e-con e-child\" data-id=\"ab2987c\" data-element_type=\"container\" data-e-type=\"container\" data-settings=\"{&quot;background_background&quot;:&quot;classic&quot;}\">\n\t\t\t\t<div class=\"elementor-element elementor-element-dec254d summer elementor-widget elementor-widget-heading\" data-id=\"dec254d\" data-element_type=\"widget\" data-e-type=\"widget\" data-widget_type=\"heading.default\">\n\t\t\t\t<div class=\"elementor-widget-container\">\n\t\t\t\t\t<h1 class=\"elementor-heading-title elementor-size-default\">Fitnessbereich<\/h1>\t\t\t\t<\/div>\n\t\t\t\t<\/div>\n\t\t\t\t<div class=\"elementor-element elementor-element-725b2a0 summer elementor-widget elementor-widget-heading\" data-id=\"725b2a0\" data-element_type=\"widget\" data-e-type=\"widget\" data-widget_type=\"heading.default\">\n\t\t\t\t<div class=\"elementor-widget-container\">\n\t\t\t\t\t<h2 class=\"elementor-heading-title elementor-size-default\">Denn im Urlaub trainiert es sich am sch\u00f6nsten mit Bergblick!<\/h2>\t\t\t\t<\/div>\n\t\t\t\t<\/div>\n\t\t\t\t<div class=\"elementor-element elementor-element-1c28716 winter elementor-widget elementor-widget-heading\" data-id=\"1c28716\" data-element_type=\"widget\" data-e-type=\"widget\" data-widget_type=\"heading.default\">\n\t\t\t\t<div class=\"elementor-widget-container\">\n\t\t\t\t\t<h1 class=\"elementor-heading-title elementor-size-default\">Fitnessbereich<\/h1>\t\t\t\t<\/div>\n\t\t\t\t<\/div>\n\t\t\t\t<div class=\"elementor-element elementor-element-5d23ac6 winter elementor-widget elementor-widget-heading\" data-id=\"5d23ac6\" data-element_type=\"widget\" data-e-type=\"widget\" data-widget_type=\"heading.default\">\n\t\t\t\t<div class=\"elementor-widget-container\">\n\t\t\t\t\t<h2 class=\"elementor-heading-title elementor-size-default\">Denn im Urlaub trainiert es sich am sch\u00f6nsten mit Bergblick!<\/h2>\t\t\t\t<\/div>\n\t\t\t\t<\/div>\n\t\t\t\t<div class=\"elementor-element elementor-element-0cb9b49 elementor-widget elementor-widget-text-editor\" data-id=\"0cb9b49\" data-element_type=\"widget\" data-e-type=\"widget\" data-widget_type=\"text-editor.default\">\n\t\t\t\t<div class=\"elementor-widget-container\">\n\t\t\t\t\t\t\t\t\tDas Training in gro\u00dfer H\u00f6he ist ein echtes <strong>Elixier f\u00fcr die Gesundheit<\/strong> \u2013 deshalb w\u00e4hlen so viele Sportler das Veltlin f\u00fcr ihre Vorbereitung. Die H\u00f6henlage und die frische Bergluft f\u00f6rdern die Sauerstoffversorgung des Gewebes und steigern dadurch die <strong>k\u00f6rperliche Ausdauer<\/strong>, was jede Leistung verbessert.\n<p><\/p>\nEgal ob du Profisportler oder einfach Fitnessliebhaber bist \u2013 im Hotel Interalpen findest du einen modern ausgestatteten Bereich mit <strong>Ger\u00e4ten der neuesten Generation<\/strong> und die perfekte H\u00f6he f\u00fcr deine Performance: Wir befinden uns auf 2.200 Metern!\n\t\t\t\t\t\t\t\t<\/div>\n\t\t\t\t<\/div>\n\t\t\t\t<\/div>\n\t\t<div class=\"elementor-element elementor-element-5ed2ba8 e-con-full fade-right-on-scroll e-flex e-con e-child\" data-id=\"5ed2ba8\" data-element_type=\"container\" data-e-type=\"container\">\n\t\t\t\t<div class=\"elementor-element elementor-element-0695d19 elementor-widget elementor-widget-image\" data-id=\"0695d19\" data-element_type=\"widget\" data-e-type=\"widget\" data-widget_type=\"image.default\">\n\t\t\t\t<div class=\"elementor-widget-container\">\n\t\t\t\t\t\t\t\t\t\t\t\t\t\t\t<img decoding=\"async\" src=\"https:\/\/www.hotelinteralpen.it\/wp-content\/uploads\/elementor\/thumbs\/fitness03-hotelinteralpen-scaled-r5iewxp71augccz80h5gdmj6mm1n7h3k31qwr0uq0w.webp\" title=\"Persona che corre su un tapis roulant in palestra.\" alt=\"Persona che corre su un tapis roulant in palestra.\" loading=\"lazy\" \/>\t\t\t\t\t\t\t\t\t\t\t\t\t\t\t<\/div>\n\t\t\t\t<\/div>\n\t\t\t\t<\/div>\n\t\t\t\t\t<\/div>\n\t\t\t\t<\/div>\n\t\t<div class=\"elementor-element elementor-element-b8213fe e-flex e-con-boxed e-con e-parent\" data-id=\"b8213fe\" data-element_type=\"container\" data-e-type=\"container\">\n\t\t\t\t\t<div class=\"e-con-inner\">\n\t\t<div class=\"elementor-element elementor-element-2f7f2c7 e-con-full fade-left-on-scroll e-flex e-con e-child\" data-id=\"2f7f2c7\" data-element_type=\"container\" data-e-type=\"container\" data-settings=\"{&quot;background_background&quot;:&quot;classic&quot;}\">\n\t\t\t\t<div class=\"elementor-element elementor-element-c4d6341 elementor-view-framed elementor-shape-circle elementor-widget elementor-widget-icon\" data-id=\"c4d6341\" data-element_type=\"widget\" data-e-type=\"widget\" data-widget_type=\"icon.default\">\n\t\t\t\t<div class=\"elementor-widget-container\">\n\t\t\t\t\t\t\t<div class=\"elementor-icon-wrapper\">\n\t\t\t<div class=\"elementor-icon\">\n\t\t\t<svg xmlns=\"http:\/\/www.w3.org\/2000\/svg\" viewBox=\"0 0 640 512\"><path d=\"M184 48c13.3 0 24 10.7 24 24l0 184 0 184c0 13.3-10.7 24-24 24l-32 0c-13.3 0-24-10.7-24-24l0-64 0-240 0-64c0-13.3 10.7-24 24-24l32 0zM112 408l0 32c0 22.1 17.9 40 40 40l32 0c22.1 0 40-17.9 40-40l0-176 192 0 0 176c0 22.1 17.9 40 40 40l32 0c22.1 0 40-17.9 40-40l0-32c6.7 5 15 8 24 8l16 0c22.1 0 40-17.9 40-40l0-112 24 0c4.4 0 8-3.6 8-8s-3.6-8-8-8l-24 0 0-112c0-22.1-17.9-40-40-40l-16 0c-9 0-17.3 3-24 8l0-32c0-22.1-17.9-40-40-40l-32 0c-22.1 0-40 17.9-40 40l0 176-192 0 0-176c0-22.1-17.9-40-40-40l-32 0c-22.1 0-40 17.9-40 40l0 32c-6.7-5-15-8-24-8L72 96c-22.1 0-40 17.9-40 40l0 112L8 248c-4.4 0-8 3.6-8 8s3.6 8 8 8l24 0 0 112c0 22.1 17.9 40 40 40l16 0c9 0 17.3-3 24-8zM528 136c0-13.3 10.7-24 24-24l16 0c13.3 0 24 10.7 24 24l0 120 0 120c0 13.3-10.7 24-24 24l-16 0c-13.3 0-24-10.7-24-24l0-240zM512 376l0 64c0 13.3-10.7 24-24 24l-32 0c-13.3 0-24-10.7-24-24l0-184 0-184c0-13.3 10.7-24 24-24l32 0c13.3 0 24 10.7 24 24l0 64 0 240zM112 136l0 240c0 13.3-10.7 24-24 24l-16 0c-13.3 0-24-10.7-24-24l0-120 0-120c0-13.3 10.7-24 24-24l16 0c13.3 0 24 10.7 24 24z\"><\/path><\/svg>\t\t\t<\/div>\n\t\t<\/div>\n\t\t\t\t\t\t<\/div>\n\t\t\t\t<\/div>\n\t\t\t\t<div class=\"elementor-element elementor-element-3dc6d98 summer elementor-widget elementor-widget-heading\" data-id=\"3dc6d98\" data-element_type=\"widget\" data-e-type=\"widget\" data-widget_type=\"heading.default\">\n\t\t\t\t<div class=\"elementor-widget-container\">\n\t\t\t\t\t<h2 class=\"elementor-heading-title elementor-size-default\">Ein gut ausgestatteter Bereich<\/h2>\t\t\t\t<\/div>\n\t\t\t\t<\/div>\n\t\t\t\t<div class=\"elementor-element elementor-element-977b442 winter elementor-widget elementor-widget-heading\" data-id=\"977b442\" data-element_type=\"widget\" data-e-type=\"widget\" data-widget_type=\"heading.default\">\n\t\t\t\t<div class=\"elementor-widget-container\">\n\t\t\t\t\t<h2 class=\"elementor-heading-title elementor-size-default\">Ein gut ausgestatteter Bereich<\/h2>\t\t\t\t<\/div>\n\t\t\t\t<\/div>\n\t\t\t\t<div class=\"elementor-element elementor-element-202a5f5 elementor-widget elementor-widget-text-editor\" data-id=\"202a5f5\" data-element_type=\"widget\" data-e-type=\"widget\" data-widget_type=\"text-editor.default\">\n\t\t\t\t<div class=\"elementor-widget-container\">\n\t\t\t\t\t\t\t\t\tIn unserem Fitnessbereich, <strong>kostenlos zug\u00e4nglich<\/strong> f\u00fcr alle G\u00e4ste ab 16 Jahren und t\u00e4glich ge\u00f6ffnet, findest du Ger\u00e4te f\u00fcr das <strong>professionelle Training<\/strong>, darunter Hanteln, <strong>Laufband<\/strong>, Crosstrainer und <strong>Kraftger\u00e4te<\/strong>, ideal f\u00fcr den Muskelaufbau.\n<p><\/p>\nEin kleiner Wohlf\u00fchlbereich, der es dir erm\u00f6glicht, dich auch im Urlaub fit zu halten \u2013 ohne auf dein Training zu verzichten!\n\t\t\t\t\t\t\t\t<\/div>\n\t\t\t\t<\/div>\n\t\t\t\t<\/div>\n\t\t<div class=\"elementor-element elementor-element-eb80ea5 e-con-full fade-right-on-scroll e-flex e-con e-child\" data-id=\"eb80ea5\" data-element_type=\"container\" data-e-type=\"container\">\n\t\t\t\t<div class=\"elementor-element elementor-element-56acef5 elementor-widget elementor-widget-image\" data-id=\"56acef5\" data-element_type=\"widget\" data-e-type=\"widget\" data-widget_type=\"image.default\">\n\t\t\t\t<div class=\"elementor-widget-container\">\n\t\t\t\t\t\t\t\t\t\t\t\t\t\t\t<img decoding=\"async\" src=\"https:\/\/www.hotelinteralpen.it\/wp-content\/uploads\/elementor\/thumbs\/fitness02-hotelinteralpen-scaled-r5iewr4bpglg338s2wb2e66ygwy2pldfq56ie34h8g.webp\" title=\"Persona che utilizza un vogatore in palestra.\" alt=\"Persona che utilizza un vogatore in palestra.\" loading=\"lazy\" \/>\t\t\t\t\t\t\t\t\t\t\t\t\t\t\t<\/div>\n\t\t\t\t<\/div>\n\t\t\t\t<\/div>\n\t\t\t\t\t<\/div>\n\t\t\t\t<\/div>\n\t\t<div class=\"elementor-element elementor-element-c26e98a e-flex e-con-boxed e-con e-parent\" data-id=\"c26e98a\" data-element_type=\"container\" data-e-type=\"container\" data-settings=\"{&quot;background_background&quot;:&quot;classic&quot;,&quot;shape_divider_top&quot;:&quot;pyramids&quot;,&quot;shape_divider_bottom&quot;:&quot;pyramids&quot;}\">\n\t\t\t\t\t<div class=\"e-con-inner\">\n\t\t\t\t<div class=\"elementor-shape elementor-shape-top\" aria-hidden=\"true\" data-negative=\"false\">\n\t\t\t<svg xmlns=\"http:\/\/www.w3.org\/2000\/svg\" viewBox=\"0 0 1000 100\" preserveAspectRatio=\"none\">\n\t<path class=\"elementor-shape-fill\" d=\"M761.9,44.1L643.1,27.2L333.8,98L0,3.8V0l1000,0v3.9\"\/>\n<\/svg>\t\t<\/div>\n\t\t\t\t<div class=\"elementor-shape elementor-shape-bottom\" aria-hidden=\"true\" data-negative=\"false\">\n\t\t\t<svg xmlns=\"http:\/\/www.w3.org\/2000\/svg\" viewBox=\"0 0 1000 100\" preserveAspectRatio=\"none\">\n\t<path class=\"elementor-shape-fill\" d=\"M761.9,44.1L643.1,27.2L333.8,98L0,3.8V0l1000,0v3.9\"\/>\n<\/svg>\t\t<\/div>\n\t\t<div class=\"elementor-element elementor-element-87ff848 e-con-full elementor-hidden-desktop elementor-hidden-laptop elementor-hidden-tablet_extra elementor-hidden-tablet e-flex e-con e-child\" data-id=\"87ff848\" data-element_type=\"container\" data-e-type=\"container\">\n\t\t\t\t<div class=\"elementor-element elementor-element-617b164 elementor-widget elementor-widget-image\" data-id=\"617b164\" data-element_type=\"widget\" data-e-type=\"widget\" data-widget_type=\"image.default\">\n\t\t\t\t<div class=\"elementor-widget-container\">\n\t\t\t\t\t\t\t\t\t\t\t\t\t\t\t<img decoding=\"async\" src=\"https:\/\/www.hotelinteralpen.it\/wp-content\/uploads\/elementor\/thumbs\/spa15-hotelinteralpen-scaled-r842aerl4ms6afd5uszyd9f1og5rqhh0cs8v3wnleu.webp\" title=\"Ein gem\u00fctlicher Wellnessbereich mit einem Whirlpool, Kerzen und einem Pool.\" alt=\"Ein gem\u00fctlicher Wellnessbereich mit einem Whirlpool, Kerzen und einem Pool.\" loading=\"lazy\" \/>\t\t\t\t\t\t\t\t\t\t\t\t\t\t\t<\/div>\n\t\t\t\t<\/div>\n\t\t\t\t<\/div>\n\t\t<div class=\"elementor-element elementor-element-f2931e2 e-con-full fade-left-on-scroll e-flex e-con e-child\" data-id=\"f2931e2\" data-element_type=\"container\" data-e-type=\"container\" data-settings=\"{&quot;background_background&quot;:&quot;classic&quot;}\">\n\t\t\t\t<div class=\"elementor-element elementor-element-9d01f83 elementor-widget elementor-widget-text-editor\" data-id=\"9d01f83\" data-element_type=\"widget\" data-e-type=\"widget\" data-widget_type=\"text-editor.default\">\n\t\t\t\t<div class=\"elementor-widget-container\">\n\t\t\t\t\t\t\t\t\tHast du dein Workout beendet und m\u00f6chtest das <strong>Wohlbefinden verl\u00e4ngern<\/strong> \u2013 f\u00fcr K\u00f6rper und Geist? G\u00f6nn dir entspannte Momente in unserem <strong>Spa mit beheiztem Pool<\/strong>!\n\t\t\t\t\t\t\t\t<\/div>\n\t\t\t\t<\/div>\n\t\t\t\t<div class=\"elementor-element elementor-element-0452781 elementor-widget elementor-widget-button\" data-id=\"0452781\" data-element_type=\"widget\" data-e-type=\"widget\" data-widget_type=\"button.default\">\n\t\t\t\t<div class=\"elementor-widget-container\">\n\t\t\t\t\t\t\t\t\t<div class=\"elementor-button-wrapper\">\n\t\t\t\t\t<a class=\"elementor-button elementor-button-link elementor-size-sm\" href=\"https:\/\/www.hotelinteralpen.it\/de\/spa-beheizter-pool\/\">\n\t\t\t\t\t\t<span class=\"elementor-button-content-wrapper\">\n\t\t\t\t\t\t<span class=\"elementor-button-icon\">\n\t\t\t\t<svg xmlns=\"http:\/\/www.w3.org\/2000\/svg\" viewBox=\"0 0 320 512\"><path d=\"M301.7 250.3c3.1 3.1 3.1 8.2 0 11.3l-216 216c-3.1 3.1-8.2 3.1-11.3 0s-3.1-8.2 0-11.3L284.7 256 74.3 45.7c-3.1-3.1-3.1-8.2 0-11.3s8.2-3.1 11.3 0l216 216z\"><\/path><\/svg>\t\t\t<\/span>\n\t\t\t\t\t\t\t\t\t<span class=\"elementor-button-text\">Geh direkt ins Spa<\/span>\n\t\t\t\t\t<\/span>\n\t\t\t\t\t<\/a>\n\t\t\t\t<\/div>\n\t\t\t\t\t\t\t\t<\/div>\n\t\t\t\t<\/div>\n\t\t\t\t<\/div>\n\t\t\t\t\t<\/div>\n\t\t\t\t<\/div>\n\t\t\t\t<\/div>\n\t\t","protected":false},"excerpt":{"rendered":"<p>Fitnessbereich Denn im Urlaub trainiert es sich am sch\u00f6nsten mit Bergblick! Fitnessbereich Denn im Urlaub trainiert es sich am sch\u00f6nsten mit Bergblick! Das Training in gro\u00dfer H\u00f6he ist ein echtes Elixier f\u00fcr die Gesundheit \u2013 deshalb w\u00e4hlen so viele Sportler das Veltlin f\u00fcr ihre Vorbereitung. Die H\u00f6henlage und die frische Bergluft f\u00f6rdern die Sauerstoffversorgung des [&hellip;]<\/p>\n","protected":false},"author":2,"featured_media":0,"parent":0,"menu_order":0,"comment_status":"closed","ping_status":"closed","template":"","meta":{"_acf_changed":false,"footnotes":""},"class_list":["post-4381","page","type-page","status-publish","hentry"],"acf":[],"_links":{"self":[{"href":"https:\/\/www.hotelinteralpen.it\/de\/wp-json\/wp\/v2\/pages\/4381","targetHints":{"allow":["GET"]}}],"collection":[{"href":"https:\/\/www.hotelinteralpen.it\/de\/wp-json\/wp\/v2\/pages"}],"about":[{"href":"https:\/\/www.hotelinteralpen.it\/de\/wp-json\/wp\/v2\/types\/page"}],"author":[{"embeddable":true,"href":"https:\/\/www.hotelinteralpen.it\/de\/wp-json\/wp\/v2\/users\/2"}],"replies":[{"embeddable":true,"href":"https:\/\/www.hotelinteralpen.it\/de\/wp-json\/wp\/v2\/comments?post=4381"}],"version-history":[{"count":0,"href":"https:\/\/www.hotelinteralpen.it\/de\/wp-json\/wp\/v2\/pages\/4381\/revisions"}],"wp:attachment":[{"href":"https:\/\/www.hotelinteralpen.it\/de\/wp-json\/wp\/v2\/media?parent=4381"}],"curies":[{"name":"wp","href":"https:\/\/api.w.org\/{rel}","templated":true}]}}